{"id":2230,"date":"2023-09-26T02:44:50","date_gmt":"2023-09-26T08:44:50","guid":{"rendered":"https:\/\/hotellasemilla.com\/website\/?page_id=2230"},"modified":"2023-09-26T02:49:56","modified_gmt":"2023-09-26T08:49:56","slug":"aviso-de-privacidad","status":"publish","type":"page","link":"https:\/\/hotellasemilla.com\/website\/aviso-de-privacidad\/","title":{"rendered":"Aviso de Privacidad"},"content":{"rendered":"\t\t<div data-elementor-type=\"wp-page\" data-elementor-id=\"2230\" class=\"elementor elementor-2230\">\n\t\t\t\t\t\t<section class=\"elementor-section elementor-top-section elementor-element elementor-element-8c822fc elementor-section-boxed elementor-section-height-default elementor-section-height-default\" data-id=\"8c822fc\" data-element_type=\"section\">\n\t\t\t\t\t\t<div class=\"elementor-container elementor-column-gap-default\">\n\t\t\t\t\t<div class=\"aux-parallax-section elementor-column elementor-col-100 elementor-top-column elementor-element elementor-element-a439ae3\" data-id=\"a439ae3\" data-element_type=\"column\">\n\t\t\t<div class=\"elementor-widget-wrap elementor-element-populated\">\n\t\t\t\t\t\t<div class=\"elementor-element elementor-element-f3ffc5d elementor-widget elementor-widget-text-editor\" data-id=\"f3ffc5d\" data-element_type=\"widget\" data-widget_type=\"text-editor.default\">\n\t\t\t\t<div class=\"elementor-widget-container\">\n\t\t\t\t\t\t\t\t\t<h2 class=\"p1\" style=\"text-align: center;\">Aviso de Privacidad<\/h2><p class=\"p2\">Hotel La Semilla, est\u00e1 comprometida a proteger la privacidad de los Datos Personales de nuestros Clientes y Usuarios, por lo cual seguimos las mejores pr\u00e1cticas en el manejo y administraci\u00f3n de datos personales. De acuerdo a lo anterior y en relaci\u00f3n al art\u00edculo 6 de ley se obliga a observar y cumplir los principios de licitud, consentimiento, calidad, informaci\u00f3n, finalidad, lealtad, manejando sus datos personales con altos est\u00e1ndares de \u00e9tica, responsabilidad y profesionalismo.<\/p><p class=\"p2\">Salvo que indique lo contrario, este aviso de privacidad es aplicable espec\u00edficamente a la informaci\u00f3n que tratamos o recopilamos de usted a trav\u00e9s de invitaci\u00f3n, medios de pago, correo electr\u00f3nico e identificaciones.<\/p><p class=\"p2\">Este aviso cumple con los requisitos que marca la Ley Federal de Protecci\u00f3n de Datos Personales en Posesi\u00f3n de Particulares, su Reglamento y los Lineamientos del Aviso de Privacidad del INAI. Hotel La Semilla, toma muy en cuenta la seguridad de sus datos, por lo que contamos con mecanismos tecnol\u00f3gicos, f\u00edsicos, administrativos y legales para proteger su informaci\u00f3n.<\/p><p class=\"p2\">Por lo antes mencionado y al momento de leer el presente Aviso de Privacidad, usted otorga su consentimiento a Hotel La Semilla, para recopilar, utilizar y transferir sus datos personales para los fines que m\u00e1s adelante se especifican.<\/p><p>\u00a0<\/p><p class=\"p2\"><b>Identidad y Domicilio:<\/b><br \/>Hotel La Semilla, es una empresa legalmente constituida conforme a las leyes de los Estados Unidos Mexicanos, con domicilio para los efectos del presente Aviso de Privacidad el ubicado en: Calle 38 Norte mz.4 lote 3 entre 5ta Av. y el Mar, Playa del Carmen, Q. Roo, M\u00e9xico, 77720.<\/p><p>\u00a0<\/p><p class=\"p2\"><b>Finalidad primaria<\/b><br \/>A trav\u00e9s de los mecanismos establecidos en el presente Aviso de Privacidad, el tratamiento de sus datos personales, incluyendo los datos personales sensibles que Hotel La Semilla, llegue a recopilar, tiene como finalidad la identificaci\u00f3n, tecnolog\u00edas de la informaci\u00f3n, operaci\u00f3n, otorgar seguridad, y certeza jur\u00eddica respecto de los actos que celebra, por lo tanto los datos que recabamos de usted en calidad de cliente para la citada finalidad, por lo cual pedimos los siguientes datos:<\/p><p class=\"p3\">\u2022De Identificaci\u00f3n<\/p><p class=\"p3\">\u2022De Contacto<\/p><p class=\"p3\">\u2022Financieros<\/p><p class=\"p3\">\u2022Sensibles<\/p><p class=\"p3\">Los cuales son necesarios para el servicio que solicita.<\/p><p>\u00a0<\/p><p class=\"p2\"><b>Finalidad secundaria<\/b><br \/>De manera adicional utilizamos su informaci\u00f3n personal para lo siguiente, que no son necesarias para el servicio solicitado, pero nos permiten y facilitan brindarle una mejor atenci\u00f3n:<\/p><p class=\"p3\">\u2022Informarle de productos y servicios presentes o futuros que consideremos de su inter\u00e9s.<\/p><p class=\"p3\">\u2022Env\u00edo de publicidad, promociones y\/o boletines informativos.<\/p><p class=\"p2\">La negativa para el uso de sus datos personales para estas finalidades secundarias no podr\u00e1n ser un motivo para que le neguemos los servicios que solicita o contrata con Hotel La Semilla.<\/p><p class=\"p2\">Le notificamos que por su seguridad y la de todos los visitantes, entre nuestras medidas de seguridad y vigilancia contamos con un sistema de videograbaci\u00f3n en las \u00e1reas p\u00fablicas de Hotel La Semilla.<\/p><p>\u00a0<\/p><p class=\"p2\"><b>El uso de tecnolog\u00edas de rastreo en nuestro portal de Internet.<\/b><br \/>Le informamos que en nuestra p\u00e1gina de Internet utilizamos cookies, web beacons y otras tecnolog\u00edas a trav\u00e9s de las cuales es posible monitorear su comportamiento como usuario de Internet, determinar sus preferencias y poder brindarle un mejor servicio y experiencia de usuario al navegar en nuestra p\u00e1gina.<\/p><p>\u00a0<\/p><p class=\"p2\"><b>Opciones y medios que Hotel La Semilla pone a su disposici\u00f3n para limitar el uso o divulgaci\u00f3n de sus datos personales.<\/b><br \/>Hotel La Semilla, cuenta con altas medidas de seguridad, administrativas, t\u00e9cnicas y f\u00edsicas conforme a sus pol\u00edticas y los procedimientos de seguridad para aseverar sus datos personales contra un uso indebido o l\u00edcito, un acceso no autorizado, contra la p\u00e9rdida o alteraci\u00f3n de los mismos.<\/p><p>\u00a0<\/p><p class=\"p2\"><b>Transferencia de datos personales.<\/b><br \/>Hotel La Semilla, podr\u00e1 transferir los datos personales a empresas que pertenezcan al mismo corporativo. Los datos transferidos a terceros ser\u00e1n \u00fanicamente con fines mercadol\u00f3gicos.<\/p><p>\u00a0<\/p><p class=\"p2\"><b>Cambios al aviso de privacidad<\/b><br \/>Hotel La Semilla, podr\u00e1 actualizar esta declaraci\u00f3n de privacidad en cualquier momento. Estos cambios ser\u00e1n comunicados a trav\u00e9s de la p\u00e1gina: hotellasemilla.com en la secci\u00f3n Pol\u00edticas y Aviso de Privacidad.<\/p><p class=\"p2\"><br \/><b>Aviso de Privacidad<\/b><br \/>Hotel La Semilla con domicilio en Calle 38 Norte mz. 4 lote 3 entre 5ta Av. y el Mar, Playa del Carmen, Q. Roo, M\u00e9xico, 77720, utilizar\u00e1 sus datos personales recabados de forma confidencial y solamente con fines publicitarios dentro de nuestra empresa Para mayor informaci\u00f3n acerca del tratamiento y de los derechos que puede hacer valer, usted puede solicitar el aviso de privacidad integral al correo electr\u00f3nico <strong><span style=\"color: #000000;\"><a style=\"color: #000000;\" href=\"mailto:reservations@hotellasemilla.com\">reservations@hotellasemilla.com<\/a><\/span><\/strong><\/p>\t\t\t\t\t\t\t\t<\/div>\n\t\t\t\t<\/div>\n\t\t\t\t\t<\/div>\n\t\t<\/div>\n\t\t\t\t\t<\/div>\n\t\t<\/section>\n\t\t\t\t<\/div>\n\t\t","protected":false},"excerpt":{"rendered":"<p>Aviso de Privacidad Hotel La Semilla, est\u00e1 comprometida a proteger la privacidad de los Datos Personales de nuestros Clientes y Usuarios, por lo cual seguimos las mejores pr\u00e1cticas en el manejo y administraci\u00f3n de datos personales. De acuerdo a lo anterior y en relaci\u00f3n al art\u00edculo 6 de ley se obliga a observar y cumplir [&hellip;]<\/p>\n","protected":false},"author":4,"featured_media":0,"parent":0,"menu_order":0,"comment_status":"closed","ping_status":"closed","template":"elementor_header_footer","meta":{"om_disable_all_campaigns":false,"_monsterinsights_skip_tracking":false,"_monsterinsights_sitenote_active":false,"_monsterinsights_sitenote_note":"","_monsterinsights_sitenote_category":0,"_uf_show_specific_survey":0,"_uf_disable_surveys":false,"footnotes":""},"class_list":["post-2230","page","type-page","status-publish","hentry"],"aioseo_notices":[],"_links":{"self":[{"href":"https:\/\/hotellasemilla.com\/website\/wp-json\/wp\/v2\/pages\/2230","targetHints":{"allow":["GET"]}}],"collection":[{"href":"https:\/\/hotellasemilla.com\/website\/wp-json\/wp\/v2\/pages"}],"about":[{"href":"https:\/\/hotellasemilla.com\/website\/wp-json\/wp\/v2\/types\/page"}],"author":[{"embeddable":true,"href":"https:\/\/hotellasemilla.com\/website\/wp-json\/wp\/v2\/users\/4"}],"replies":[{"embeddable":true,"href":"https:\/\/hotellasemilla.com\/website\/wp-json\/wp\/v2\/comments?post=2230"}],"version-history":[{"count":7,"href":"https:\/\/hotellasemilla.com\/website\/wp-json\/wp\/v2\/pages\/2230\/revisions"}],"predecessor-version":[{"id":2237,"href":"https:\/\/hotellasemilla.com\/website\/wp-json\/wp\/v2\/pages\/2230\/revisions\/2237"}],"wp:attachment":[{"href":"https:\/\/hotellasemilla.com\/website\/wp-json\/wp\/v2\/media?parent=2230"}],"curies":[{"name":"wp","href":"https:\/\/api.w.org\/{rel}","templated":true}]}}