{"id":2106,"date":"2023-09-21T23:36:33","date_gmt":"2023-09-22T05:36:33","guid":{"rendered":"https:\/\/hotellasemilla.com\/website\/?page_id=2106"},"modified":"2023-11-15T01:13:28","modified_gmt":"2023-11-15T07:13:28","slug":"cuartos","status":"publish","type":"page","link":"https:\/\/hotellasemilla.com\/website\/cuartos\/","title":{"rendered":"Cuartos"},"content":{"rendered":"\t\t<div data-elementor-type=\"wp-page\" data-elementor-id=\"2106\" class=\"elementor elementor-2106\">\n\t\t\t\t\t\t<section class=\"elementor-section elementor-top-section elementor-element elementor-element-25990bcf elementor-section-boxed elementor-section-height-default elementor-section-height-default\" data-id=\"25990bcf\" data-element_type=\"section\">\n\t\t\t\t\t\t<div class=\"elementor-container elementor-column-gap-default\">\n\t\t\t\t\t<div class=\"aux-parallax-section elementor-column elementor-col-66 elementor-top-column elementor-element elementor-element-45f10c5e\" data-id=\"45f10c5e\" data-element_type=\"column\">\n\t\t\t<div class=\"elementor-widget-wrap elementor-element-populated\">\n\t\t\t\t\t\t<div class=\"elementor-element elementor-element-f0369e6 elementor-widget elementor-widget-image-carousel\" data-id=\"f0369e6\" data-element_type=\"widget\" data-settings=\"{&quot;slides_to_show&quot;:&quot;1&quot;,&quot;navigation&quot;:&quot;none&quot;,&quot;autoplay_speed&quot;:3000,&quot;autoplay&quot;:&quot;yes&quot;,&quot;pause_on_hover&quot;:&quot;yes&quot;,&quot;pause_on_interaction&quot;:&quot;yes&quot;,&quot;infinite&quot;:&quot;yes&quot;,&quot;effect&quot;:&quot;slide&quot;,&quot;speed&quot;:500}\" data-widget_type=\"image-carousel.default\">\n\t\t\t\t<div class=\"elementor-widget-container\">\n\t\t\t\t\t\t\t<div class=\"elementor-image-carousel-wrapper swiper\" role=\"region\" aria-roledescription=\"carousel\" aria-label=\"Carrusel de Im\u00e1genes\" dir=\"ltr\">\n\t\t\t<div class=\"elementor-image-carousel swiper-wrapper\" aria-live=\"off\">\n\t\t\t\t\t\t\t\t<div class=\"swiper-slide\" role=\"group\" aria-roledescription=\"slide\" aria-label=\"1 de 3\"><figure class=\"swiper-slide-inner\"><img decoding=\"async\" class=\"swiper-slide-image\" src=\"https:\/\/hotellasemilla.com\/website\/wp-content\/uploads\/elementor\/thumbs\/Cuartos-grande-qe4lspwrbru35gndwb7n30yi0hlyxrr1gf20l158ao.jpg\" alt=\"Cuartos-grande\" \/><\/figure><\/div><div class=\"swiper-slide\" role=\"group\" aria-roledescription=\"slide\" aria-label=\"2 de 3\"><figure class=\"swiper-slide-inner\"><img decoding=\"async\" class=\"swiper-slide-image\" src=\"https:\/\/hotellasemilla.com\/website\/wp-content\/uploads\/elementor\/thumbs\/Cuartos2-qfdxecpedt86vmykdh5meaf5tdaj7j304pkan09r9c.jpg\" alt=\"Cuartos2\" \/><\/figure><\/div><div class=\"swiper-slide\" role=\"group\" aria-roledescription=\"slide\" aria-label=\"3 de 3\"><figure class=\"swiper-slide-inner\"><img decoding=\"async\" class=\"swiper-slide-image\" src=\"https:\/\/hotellasemilla.com\/website\/wp-content\/uploads\/elementor\/thumbs\/Cuartos3-qfdxehelbzemhorqm16r8r8gsanda0lntctq1e2se8.jpg\" alt=\"Cuartos3\" \/><\/figure><\/div>\t\t\t<\/div>\n\t\t\t\t\t\t\t\n\t\t\t\t\t\t\t\t\t<\/div>\n\t\t\t\t\t\t<\/div>\n\t\t\t\t<\/div>\n\t\t\t\t<section class=\"elementor-section elementor-inner-section elementor-element elementor-element-9761556 elementor-section-boxed elementor-section-height-default elementor-section-height-default\" data-id=\"9761556\" data-element_type=\"section\">\n\t\t\t\t\t\t<div class=\"elementor-container elementor-column-gap-default\">\n\t\t\t\t\t<div class=\"aux-parallax-section elementor-column elementor-col-50 elementor-inner-column elementor-element elementor-element-7a9ba4c\" data-id=\"7a9ba4c\" data-element_type=\"column\">\n\t\t\t<div class=\"elementor-widget-wrap elementor-element-populated\">\n\t\t\t\t\t\t<div class=\"elementor-element elementor-element-c076377 elementor-widget elementor-widget-heading\" data-id=\"c076377\" data-element_type=\"widget\" data-widget_type=\"heading.default\">\n\t\t\t\t<div class=\"elementor-widget-container\">\n\t\t\t\t\t<h2 class=\"elementor-heading-title elementor-size-default\">Cuartos<\/h2>\t\t\t\t<\/div>\n\t\t\t\t<\/div>\n\t\t\t\t\t<\/div>\n\t\t<\/div>\n\t\t\t\t<div class=\"aux-parallax-section elementor-column elementor-col-50 elementor-inner-column elementor-element elementor-element-d303a3c\" data-id=\"d303a3c\" data-element_type=\"column\">\n\t\t\t<div class=\"elementor-widget-wrap elementor-element-populated\">\n\t\t\t\t\t\t<div class=\"elementor-element elementor-element-d02e2f3 elementor-align-right elementor-widget elementor-widget-button\" data-id=\"d02e2f3\" data-element_type=\"widget\" data-widget_type=\"button.default\">\n\t\t\t\t<div class=\"elementor-widget-container\">\n\t\t\t\t\t\t\t\t\t<div class=\"elementor-button-wrapper\">\n\t\t\t\t\t<a class=\"elementor-button elementor-button-link elementor-size-sm\" href=\"https:\/\/be.synxis.com\/?adult=1&#038;arrive=2023-09-14&#038;chain=5154&#038;child=0&#038;config=Hotel%20La%20Semilla_SBE&#038;currency=USD&#038;depart=2023-09-15&#038;hotel=61630&#038;level=hotel&#038;locale=en-US&#038;rooms=1&#038;theme=Hotel%20La%20Semilla_SBE\" target=\"_blank\">\n\t\t\t\t\t\t<span class=\"elementor-button-content-wrapper\">\n\t\t\t\t\t\t\t\t\t<span class=\"elementor-button-text\">RESERVAR AHORA<\/span>\n\t\t\t\t\t<\/span>\n\t\t\t\t\t<\/a>\n\t\t\t\t<\/div>\n\t\t\t\t\t\t\t\t<\/div>\n\t\t\t\t<\/div>\n\t\t\t\t\t<\/div>\n\t\t<\/div>\n\t\t\t\t\t<\/div>\n\t\t<\/section>\n\t\t\t\t<div class=\"elementor-element elementor-element-135abdfe elementor-widget elementor-widget-text-editor\" data-id=\"135abdfe\" data-element_type=\"widget\" data-widget_type=\"text-editor.default\">\n\t\t\t\t<div class=\"elementor-widget-container\">\n\t\t\t\t\t\t\t\t\t<p class=\"p1\">Nuestra segunda categor\u00eda de habitaci\u00f3n ofrece un espacio m\u00e1s grande que nuestros Cuartitos y una cama King. El dise\u00f1o contin\u00faa desempe\u00f1ando un papel muy importante ya que esta categor\u00eda de sala incluye peque\u00f1as \u00e1reas de descanso y espacios de vida que son \u00fanicos para cada espacio individual. Este tipo de habitaci\u00f3n es perfecto para los hu\u00e9spedes que les gusta estirar las piernas o pasar ma\u00f1anas tranquilas leyendo en silencio mientras disfrutan de la brisa fresca y el suave sonido de la vida al aire libre. La sala mide 23m\u00b2.<\/p>\t\t\t\t\t\t\t\t<\/div>\n\t\t\t\t<\/div>\n\t\t\t\t\t<\/div>\n\t\t<\/div>\n\t\t\t\t<div class=\"aux-parallax-section elementor-column elementor-col-33 elementor-top-column elementor-element elementor-element-214985c3\" data-id=\"214985c3\" data-element_type=\"column\">\n\t\t\t<div class=\"elementor-widget-wrap elementor-element-populated\">\n\t\t\t\t\t\t<div class=\"elementor-element elementor-element-25e1d89c elementor-widget elementor-widget-aux_modern_search\" data-id=\"25e1d89c\" data-element_type=\"widget\" data-widget_type=\"aux_modern_search.default\">\n\t\t\t\t<div class=\"elementor-widget-container\">\n\t\t\t\t\t<div class=\"aux-modern-search\">        <div class=\"aux-modern-search-wrapper\" >\n            <button class=\"aux-search-submit aux-search-fullscreen\" data-target=\".aux-search-popup-25e1d89c\" >\n                <i aria-hidden=\"true\" class=\"auxicon-search-4\"><\/i>                <span class=\"aux-submit-text\" >  Buscar<\/span>\n            <\/button>\n        <\/div>\n            <div class=\"aux-search-popup aux-search-popup-25e1d89c\">\n            <div class=\"aux-panel-close\">\n                <div class=\"aux-close aux-cross-symbol aux-thick-medium\"><\/div>\n            <\/div>\n            <div class=\"aux-search-popup-content\">\n                        <div class=\"aux-search-form\">\n    <h5 class=\"aux-search-form-legend\">Buscador<\/h5>            <form action=\"https:\/\/hotellasemilla.com\/website\/\" method=\"get\" >\n                <div class=\"aux-search-input-form\">\n                    <input type=\"text\" class=\"aux-search-field\" placeholder=\"Escribe...\" name=\"s\" autocomplete=\"off\" data-post-types=\"[&quot;post&quot;]\" \/>\n                    <input type=\"hidden\" name='post_type' value=\"post\">\n                                                                                            <div class=\"aux-submit-icon-container auxicon-search-4\">\n                                <input type=\"submit\" class=\"aux-iconic-search-submit\" value=\"Search\" >\n                            <\/div>\n                                                            <\/div>\n            <\/form>\n        <\/div>\n                                <\/div>\n        <\/div>\n    <\/div>\t\t\t\t<\/div>\n\t\t\t\t<\/div>\n\t\t\t\t<div class=\"elementor-element elementor-element-196d1bc0 elementor-widget elementor-widget-text-editor\" data-id=\"196d1bc0\" data-element_type=\"widget\" data-widget_type=\"text-editor.default\">\n\t\t\t\t<div class=\"elementor-widget-container\">\n\t\t\t\t\t\t\t\t\t<p class=\"p1\"><strong>Nuestros cuartos<\/strong><\/p>\t\t\t\t\t\t\t\t<\/div>\n\t\t\t\t<\/div>\n\t\t\t\t<div class=\"elementor-element elementor-element-3f0460e5 elementor-widget elementor-widget-text-editor\" data-id=\"3f0460e5\" data-element_type=\"widget\" data-widget_type=\"text-editor.default\">\n\t\t\t\t<div class=\"elementor-widget-container\">\n\t\t\t\t\t\t\t\t\t<p class=\"p1\"><span style=\"color: #000000;\"><a style=\"color: #000000;\" href=\"https:\/\/hotellasemilla.com\/website\/cuartitos\/\" target=\"_self\" rel=\"noopener\">Cuartitos<\/a><\/span><\/p>\n<p class=\"p1\"><strong><a href=\"https:\/\/hotellasemilla.com\/website\/cuartos\/\"><span style=\"color: #000000;\">Cuartos<\/span><\/a><\/strong><\/p>\n<p class=\"p1\"><a href=\"https:\/\/hotellasemilla.com\/website\/cuartos-terraza-2\/\"><span style=\"color: #000000;\">Cuartos Terraza<\/span><\/a><\/p>\n<p class=\"p1\"><span style=\"color: #000000;\"><a style=\"color: #000000;\" href=\"https:\/\/hotellasemilla.com\/website\/suites-terraza\/\">Suites Terraza<\/a><\/span><\/p>\t\t\t\t\t\t\t\t<\/div>\n\t\t\t\t<\/div>\n\t\t\t\t<div class=\"elementor-element elementor-element-3f254f0b elementor-widget elementor-widget-aux_testimonial\" data-id=\"3f254f0b\" data-element_type=\"widget\" data-widget_type=\"aux_testimonial.default\">\n\t\t\t\t<div class=\"elementor-widget-container\">\n\t\t\t\t\t<section class=\"widget-container aux-widget-testimonial-container aux-parent-aud514b425\">    <div class=\"  aux-widget-testimonial aux-testimonial-quote \">\n                <div class=\"aux-testimonial-content\">\n            <div class=\"entry-content\">\n                                \u00a1Excelente y muy recomendable! Me encant\u00f3 el lugar, todo verde y el desayuno delicioso.\"            <\/div>\n        <\/div>\n                <div class=\"aux-testimonial-infobox\">\n                        <div class=\"aux-testimonial-info\">\n                                <h4 class=\"col-title\">Cris V.<\/h4>\n                                <h5 class=\"col-subtitle\">Hu\u00e9sped<\/h5>\n                                <div class=\"aux-rating-box aux-star-rating\">\n                    <span class=\"aux-star-rating-avg\" style=\"width: 100%\"> <\/span>\n                <\/div>\n                            <\/div>\n        <\/div>\n            <\/div>\n\n<\/section><!-- widget-container -->\t\t\t\t<\/div>\n\t\t\t\t<\/div>\n\t\t\t\t\t<\/div>\n\t\t<\/div>\n\t\t\t\t\t<\/div>\n\t\t<\/section>\n\t\t\t\t<\/div>\n\t\t","protected":false},"excerpt":{"rendered":"<p>Cuartos RESERVAR AHORA Nuestra segunda categor\u00eda de habitaci\u00f3n ofrece un espacio m\u00e1s grande que nuestros Cuartitos y una cama King. El dise\u00f1o contin\u00faa desempe\u00f1ando un papel muy importante ya que esta categor\u00eda de sala incluye peque\u00f1as \u00e1reas de descanso y espacios de vida que son \u00fanicos para cada espacio individual. Este tipo de habitaci\u00f3n es [&hellip;]<\/p>\n","protected":false},"author":4,"featured_media":0,"parent":0,"menu_order":0,"comment_status":"closed","ping_status":"closed","template":"elementor_header_footer","meta":{"om_disable_all_campaigns":false,"_monsterinsights_skip_tracking":false,"_monsterinsights_sitenote_active":false,"_monsterinsights_sitenote_note":"","_monsterinsights_sitenote_category":0,"_uf_show_specific_survey":0,"_uf_disable_surveys":false,"footnotes":""},"class_list":["post-2106","page","type-page","status-publish","hentry"],"aioseo_notices":[],"_links":{"self":[{"href":"https:\/\/hotellasemilla.com\/website\/wp-json\/wp\/v2\/pages\/2106","targetHints":{"allow":["GET"]}}],"collection":[{"href":"https:\/\/hotellasemilla.com\/website\/wp-json\/wp\/v2\/pages"}],"about":[{"href":"https:\/\/hotellasemilla.com\/website\/wp-json\/wp\/v2\/types\/page"}],"author":[{"embeddable":true,"href":"https:\/\/hotellasemilla.com\/website\/wp-json\/wp\/v2\/users\/4"}],"replies":[{"embeddable":true,"href":"https:\/\/hotellasemilla.com\/website\/wp-json\/wp\/v2\/comments?post=2106"}],"version-history":[{"count":29,"href":"https:\/\/hotellasemilla.com\/website\/wp-json\/wp\/v2\/pages\/2106\/revisions"}],"predecessor-version":[{"id":2727,"href":"https:\/\/hotellasemilla.com\/website\/wp-json\/wp\/v2\/pages\/2106\/revisions\/2727"}],"wp:attachment":[{"href":"https:\/\/hotellasemilla.com\/website\/wp-json\/wp\/v2\/media?parent=2106"}],"curies":[{"name":"wp","href":"https:\/\/api.w.org\/{rel}","templated":true}]}}