{"id":1745,"date":"2023-09-14T06:56:02","date_gmt":"2023-09-14T12:56:02","guid":{"rendered":"https:\/\/hotellasemilla.com\/website\/?page_id=1745"},"modified":"2025-11-22T10:13:48","modified_gmt":"2025-11-22T16:13:48","slug":"portada","status":"publish","type":"page","link":"https:\/\/hotellasemilla.com\/website\/","title":{"rendered":"Portada"},"content":{"rendered":"\t\t<div data-elementor-type=\"wp-page\" data-elementor-id=\"1745\" class=\"elementor elementor-1745\">\n\t\t\t\t\t\t<section class=\"elementor-section elementor-top-section elementor-element elementor-element-108440dd elementor-section-full_width elementor-section-height-default elementor-section-height-default\" data-id=\"108440dd\" data-element_type=\"section\">\n\t\t\t\t\t\t<div class=\"elementor-container elementor-column-gap-default\">\n\t\t\t\t\t<div class=\"aux-parallax-section elementor-column elementor-col-100 elementor-top-column elementor-element elementor-element-23e788b6\" data-id=\"23e788b6\" data-element_type=\"column\">\n\t\t\t<div class=\"elementor-widget-wrap elementor-element-populated\">\n\t\t\t\t\t\t<div class=\"elementor-element elementor-element-1cbdb32 elementor-widget elementor-widget-image-carousel\" data-id=\"1cbdb32\" data-element_type=\"widget\" data-settings=\"{&quot;slides_to_show&quot;:&quot;1&quot;,&quot;navigation&quot;:&quot;none&quot;,&quot;autoplay_speed&quot;:3000,&quot;autoplay&quot;:&quot;yes&quot;,&quot;pause_on_hover&quot;:&quot;yes&quot;,&quot;pause_on_interaction&quot;:&quot;yes&quot;,&quot;infinite&quot;:&quot;yes&quot;,&quot;effect&quot;:&quot;slide&quot;,&quot;speed&quot;:500}\" data-widget_type=\"image-carousel.default\">\n\t\t\t\t<div class=\"elementor-widget-container\">\n\t\t\t\t\t\t\t<div class=\"elementor-image-carousel-wrapper swiper\" role=\"region\" aria-roledescription=\"carousel\" aria-label=\"Carrusel de im\u00e1genes\" dir=\"ltr\">\n\t\t\t<div class=\"elementor-image-carousel swiper-wrapper\" aria-live=\"off\">\n\t\t\t\t\t\t\t\t<div class=\"swiper-slide\" role=\"group\" aria-roledescription=\"slide\" aria-label=\"1 de 3\"><figure class=\"swiper-slide-inner\"><img decoding=\"async\" class=\"swiper-slide-image\" src=\"https:\/\/hotellasemilla.com\/website\/wp-content\/uploads\/elementor\/thumbs\/portada-qce3ljs7lr2uvo25vajyul1csgah28yvjozqanpax4.jpg\" alt=\"portada\" \/><\/figure><\/div><div class=\"swiper-slide\" role=\"group\" aria-roledescription=\"slide\" aria-label=\"2 de 3\"><figure class=\"swiper-slide-inner\"><img decoding=\"async\" class=\"swiper-slide-image\" src=\"https:\/\/hotellasemilla.com\/website\/wp-content\/uploads\/elementor\/thumbs\/Portada-2-qe4knlgybphrtucy0t8uwl1h92y9ctk90f2rncjde0.jpg\" alt=\"Portada-2\" \/><\/figure><\/div><div class=\"swiper-slide\" role=\"group\" aria-roledescription=\"slide\" aria-label=\"3 de 3\"><figure class=\"swiper-slide-inner\"><img decoding=\"async\" class=\"swiper-slide-image\" src=\"https:\/\/hotellasemilla.com\/website\/wp-content\/uploads\/elementor\/thumbs\/Portada-3-qe4knq659vo7fw649d9zr1us80b3fb2wp2c71qceiw.jpg\" alt=\"Portada-3\" \/><\/figure><\/div>\t\t\t<\/div>\n\t\t\t\t\t\t\t\n\t\t\t\t\t\t\t\t\t<\/div>\n\t\t\t\t\t\t<\/div>\n\t\t\t\t<\/div>\n\t\t\t\t\t<\/div>\n\t\t<\/div>\n\t\t\t\t\t<\/div>\n\t\t<\/section>\n\t\t\t\t<section class=\"elementor-section elementor-top-section elementor-element elementor-element-ccd946f elementor-section-content-middle elementor-section-full_width elementor-section-height-default elementor-section-height-default\" data-id=\"ccd946f\" data-element_type=\"section\">\n\t\t\t\t\t\t<div class=\"elementor-container elementor-column-gap-default\">\n\t\t\t\t\t<div class=\"aux-parallax-section elementor-column elementor-col-100 elementor-top-column elementor-element elementor-element-53c5ac2\" data-id=\"53c5ac2\" data-element_type=\"column\">\n\t\t\t<div class=\"elementor-widget-wrap elementor-element-populated\">\n\t\t\t\t\t\t<div class=\"elementor-element elementor-element-3f6c7d4 aux-appear-watch-animation aux-fade-in-up elementor-widget elementor-widget-text-editor\" data-id=\"3f6c7d4\" data-element_type=\"widget\" data-widget_type=\"text-editor.default\">\n\t\t\t\t<div class=\"elementor-widget-container\">\n\t\t\t\t\t\t\t\t\t<p>Hotel La Semilla es un bed and breakfast de nueve habitaciones con un ambiente relajado ubicado en la Calle 38, a solo una cuadra del pr\u00edstino oc\u00e9ano Caribe. Las formas org\u00e1nicas y el dise\u00f1o simple reflejan un sentido de la historia, el patrimonio, el estilo y la simplicidad de M\u00e9xico. Nuestra localidad tiene atm\u00f3sfera de \u201cselva\u201d, con enormes \u00e1rboles y restaurantes al aire libre que han respetado el estilo playero.<\/p>\n<p>La palabra Semilla ha sido un poderoso significado para guiar la visi\u00f3n y los valores de nuestra marca. Con nosotros esperamos que los hu\u00e9spedes reconozcan la semilla que hay dentro de cada uno de ellos y el poder de cultivar lo extraordinario. Fomentamos el acercamiento lento a la vida donde los momentos tranquilos con la naturaleza te permiten desconectarte del mundo ajetreado y acelerado y reconectarte con la tierra y contigo mismo.<\/p>\t\t\t\t\t\t\t\t<\/div>\n\t\t\t\t<\/div>\n\t\t\t\t\t<\/div>\n\t\t<\/div>\n\t\t\t\t\t<\/div>\n\t\t<\/section>\n\t\t\t\t<section class=\"elementor-section elementor-top-section elementor-element elementor-element-40a264b5 elementor-section-boxed elementor-section-height-default elementor-section-height-default\" data-id=\"40a264b5\" data-element_type=\"section\">\n\t\t\t\t\t\t<div class=\"elementor-container elementor-column-gap-default\">\n\t\t\t\t\t<div class=\"aux-parallax-section elementor-column elementor-col-50 elementor-top-column elementor-element elementor-element-25ab4578\" data-id=\"25ab4578\" data-element_type=\"column\">\n\t\t\t<div class=\"elementor-widget-wrap elementor-element-populated\">\n\t\t\t\t\t\t<div class=\"elementor-element elementor-element-79c23d8f elementor-widget elementor-widget-text-editor\" data-id=\"79c23d8f\" data-element_type=\"widget\" data-widget_type=\"text-editor.default\">\n\t\t\t\t<div class=\"elementor-widget-container\">\n\t\t\t\t\t\t\t\t\t<p class=\"p1\" style=\"text-align: center;\"><strong><a style=\"color: #000000;\" href=\"https:\/\/villalasemilla.com\/inicio\/\" target=\"_blank\" rel=\"noopener\">VILLA LA SEMILLA<\/a><\/strong><\/p>\t\t\t\t\t\t\t\t<\/div>\n\t\t\t\t<\/div>\n\t\t\t\t\t<\/div>\n\t\t<\/div>\n\t\t\t\t<div class=\"aux-parallax-section elementor-column elementor-col-50 elementor-top-column elementor-element elementor-element-4a2077cb\" data-id=\"4a2077cb\" data-element_type=\"column\">\n\t\t\t<div class=\"elementor-widget-wrap elementor-element-populated\">\n\t\t\t\t\t\t<div class=\"elementor-element elementor-element-7015df6b aux-appear-watch-animation aux-fade-in-up links_home elementor-widget elementor-widget-text-editor\" data-id=\"7015df6b\" data-element_type=\"widget\" data-widget_type=\"text-editor.default\">\n\t\t\t\t<div class=\"elementor-widget-container\">\n\t\t\t\t\t\t\t\t\t<p class=\"p1\" style=\"text-align: center;\"><strong><span style=\"color: #000000;\"><a style=\"color: #000000;\" href=\"https:\/\/www.arboleslasemilla.com\/\" target=\"_blank\" rel=\"noopener\">\u00c1RBOLES LA SEMILLA<\/a><\/span><\/strong><\/p>\t\t\t\t\t\t\t\t<\/div>\n\t\t\t\t<\/div>\n\t\t\t\t\t<\/div>\n\t\t<\/div>\n\t\t\t\t\t<\/div>\n\t\t<\/section>\n\t\t\t\t<\/div>\n\t\t","protected":false},"excerpt":{"rendered":"<p>Hotel La Semilla es un bed and breakfast de nueve habitaciones con un ambiente relajado ubicado en la Calle 38, a solo una cuadra del pr\u00edstino oc\u00e9ano Caribe. Las formas org\u00e1nicas y el dise\u00f1o simple reflejan un sentido de la historia, el patrimonio, el estilo y la simplicidad de M\u00e9xico. Nuestra localidad tiene atm\u00f3sfera de [&hellip;]<\/p>\n","protected":false},"author":4,"featured_media":0,"parent":0,"menu_order":0,"comment_status":"closed","ping_status":"closed","template":"elementor_header_footer","meta":{"om_disable_all_campaigns":false,"_monsterinsights_skip_tracking":false,"_monsterinsights_sitenote_active":false,"_monsterinsights_sitenote_note":"","_monsterinsights_sitenote_category":0,"_uf_show_specific_survey":0,"_uf_disable_surveys":false,"footnotes":""},"class_list":["post-1745","page","type-page","status-publish","hentry"],"aioseo_notices":[],"_links":{"self":[{"href":"https:\/\/hotellasemilla.com\/website\/wp-json\/wp\/v2\/pages\/1745","targetHints":{"allow":["GET"]}}],"collection":[{"href":"https:\/\/hotellasemilla.com\/website\/wp-json\/wp\/v2\/pages"}],"about":[{"href":"https:\/\/hotellasemilla.com\/website\/wp-json\/wp\/v2\/types\/page"}],"author":[{"embeddable":true,"href":"https:\/\/hotellasemilla.com\/website\/wp-json\/wp\/v2\/users\/4"}],"replies":[{"embeddable":true,"href":"https:\/\/hotellasemilla.com\/website\/wp-json\/wp\/v2\/comments?post=1745"}],"version-history":[{"count":70,"href":"https:\/\/hotellasemilla.com\/website\/wp-json\/wp\/v2\/pages\/1745\/revisions"}],"predecessor-version":[{"id":2957,"href":"https:\/\/hotellasemilla.com\/website\/wp-json\/wp\/v2\/pages\/1745\/revisions\/2957"}],"wp:attachment":[{"href":"https:\/\/hotellasemilla.com\/website\/wp-json\/wp\/v2\/media?parent=1745"}],"curies":[{"name":"wp","href":"https:\/\/api.w.org\/{rel}","templated":true}]}}